{"id":2215,"date":"2024-11-12T20:09:41","date_gmt":"2024-11-13T01:09:41","guid":{"rendered":"https:\/\/moralesguesthouse.com\/?page_id=2215"},"modified":"2024-11-12T22:19:43","modified_gmt":"2024-11-13T03:19:43","slug":"laguna-churup","status":"publish","type":"page","link":"https:\/\/www.moralesguesthouse.com\/es\/tours\/laguna-churup\/","title":{"rendered":"Laguna Churup"},"content":{"rendered":"\t\t<div data-elementor-type=\"wp-page\" data-elementor-id=\"2215\" class=\"elementor elementor-2215\" data-elementor-post-type=\"page\">\n\t\t\t\t\t\t<section class=\"elementor-section elementor-top-section elementor-element elementor-element-8359b68 elementor-section-boxed elementor-section-height-default elementor-section-height-default\" data-id=\"8359b68\" data-element_type=\"section\" data-e-type=\"section\" data-settings=\"{&quot;background_background&quot;:&quot;classic&quot;}\">\n\t\t\t\t\t\t<div class=\"elementor-container elementor-column-gap-wide\">\n\t\t\t\t\t<div class=\"elementor-column elementor-col-100 elementor-top-column elementor-element elementor-element-9f5355d\" data-id=\"9f5355d\" data-element_type=\"column\" data-e-type=\"column\">\n\t\t\t<div class=\"elementor-widget-wrap elementor-element-populated\">\n\t\t\t\t\t\t<div class=\"elementor-element elementor-element-c673f3b elementor-widget elementor-widget-heading\" data-id=\"c673f3b\" data-element_type=\"widget\" data-e-type=\"widget\" data-widget_type=\"heading.default\">\n\t\t\t\t<div class=\"elementor-widget-container\">\n\t\t\t\t\t<h2 class=\"elementor-heading-title elementor-size-default\">Excursi\u00f3n de un d\u00eda (Dif\u00edcil)<\/h2>\t\t\t\t<\/div>\n\t\t\t\t<\/div>\n\t\t\t\t<div class=\"elementor-element elementor-element-64c49e7 elementor-widget elementor-widget-heading\" data-id=\"64c49e7\" data-element_type=\"widget\" data-e-type=\"widget\" data-widget_type=\"heading.default\">\n\t\t\t\t<div class=\"elementor-widget-container\">\n\t\t\t\t\t<h1 class=\"elementor-heading-title elementor-size-default\">Laguna Churup<\/h1>\t\t\t\t<\/div>\n\t\t\t\t<\/div>\n\t\t\t\t<div class=\"elementor-element elementor-element-8807865 elementor-widget elementor-widget-text-editor\" data-id=\"8807865\" data-element_type=\"widget\" data-e-type=\"widget\" data-widget_type=\"text-editor.default\">\n\t\t\t\t<div class=\"elementor-widget-container\">\n\t\t\t\t\t\t\t\t\tEsta es una de las m\u00e1s populares y conocidas caminatas de un d\u00eda y est\u00e1 convenientemente situado s\u00f3lo un corto trayecto en coche fuera de Huaraz.\nde Huaraz. Tomamos el coche de Huaraz a Pitec, la conducci\u00f3n a trav\u00e9s de la\nAtractivos asentamientos agr\u00edcolas de Unchus y Llupa (una hora en coche).\t\t\t\t\t\t\t\t<\/div>\n\t\t\t\t<\/div>\n\t\t<div class=\"elementor-element elementor-element-2847eb8 e-grid e-con-boxed e-con e-parent\" data-id=\"2847eb8\" data-element_type=\"container\" data-e-type=\"container\">\n\t\t\t\t\t<div class=\"e-con-inner\">\n\t\t\t\t<div class=\"elementor-element elementor-element-b17d822 elementor-widget elementor-widget-image\" data-id=\"b17d822\" data-element_type=\"widget\" data-e-type=\"widget\" data-widget_type=\"image.default\">\n\t\t\t\t<div class=\"elementor-widget-container\">\n\t\t\t\t\t\t\t\t\t\t\t\t\t\t\t<img fetchpriority=\"high\" decoding=\"async\" width=\"275\" height=\"206\" src=\"https:\/\/www.moralesguesthouse.com\/wp-content\/uploads\/2024\/11\/Lagoon-Churup-1.jpg\" class=\"attachment-large size-large wp-image-2217\" alt=\"\" \/>\t\t\t\t\t\t\t\t\t\t\t\t\t\t\t<\/div>\n\t\t\t\t<\/div>\n\t\t\t\t<div class=\"elementor-element elementor-element-69f429e elementor-widget elementor-widget-image\" data-id=\"69f429e\" data-element_type=\"widget\" data-e-type=\"widget\" data-widget_type=\"image.default\">\n\t\t\t\t<div class=\"elementor-widget-container\">\n\t\t\t\t\t\t\t\t\t\t\t\t\t\t\t<img decoding=\"async\" width=\"270\" height=\"180\" src=\"https:\/\/www.moralesguesthouse.com\/wp-content\/uploads\/2024\/11\/Lagoon-Churup-2-1.jpg\" class=\"attachment-large size-large wp-image-2219\" alt=\"\" \/>\t\t\t\t\t\t\t\t\t\t\t\t\t\t\t<\/div>\n\t\t\t\t<\/div>\n\t\t\t\t\t<\/div>\n\t\t\t\t<\/div>\n\t\t\t\t<div class=\"elementor-element elementor-element-b0c756d elementor-absolute elementor-widget-tablet__width-initial elementor-hidden-tablet elementor-hidden-phone elementor-widget elementor-widget-image\" data-id=\"b0c756d\" data-element_type=\"widget\" data-e-type=\"widget\" data-settings=\"{&quot;_position&quot;:&quot;absolute&quot;,&quot;motion_fx_motion_fx_scrolling&quot;:&quot;yes&quot;,&quot;motion_fx_rotateZ_effect&quot;:&quot;yes&quot;,&quot;motion_fx_rotateZ_direction&quot;:&quot;negative&quot;,&quot;motion_fx_rotateZ_speed&quot;:{&quot;unit&quot;:&quot;px&quot;,&quot;size&quot;:&quot;0.3&quot;,&quot;sizes&quot;:[]},&quot;motion_fx_rotateZ_affectedRange&quot;:{&quot;unit&quot;:&quot;%&quot;,&quot;size&quot;:&quot;&quot;,&quot;sizes&quot;:{&quot;start&quot;:0,&quot;end&quot;:100}},&quot;motion_fx_devices&quot;:[&quot;desktop&quot;,&quot;tablet&quot;,&quot;mobile&quot;]}\" data-widget_type=\"image.default\">\n\t\t\t\t<div class=\"elementor-widget-container\">\n\t\t\t\t\t\t\t\t\t\t\t\t\t\t\t<img decoding=\"async\" width=\"1045\" height=\"1231\" src=\"https:\/\/www.moralesguesthouse.com\/wp-content\/uploads\/2024\/11\/s1-1.png\" class=\"attachment-full size-full wp-image-2221\" alt=\"\" srcset=\"https:\/\/www.moralesguesthouse.com\/wp-content\/uploads\/2024\/11\/s1-1.png 1045w, https:\/\/www.moralesguesthouse.com\/wp-content\/uploads\/2024\/11\/s1-1-255x300.png 255w, https:\/\/www.moralesguesthouse.com\/wp-content\/uploads\/2024\/11\/s1-1-869x1024.png 869w, https:\/\/www.moralesguesthouse.com\/wp-content\/uploads\/2024\/11\/s1-1-768x905.png 768w\" sizes=\"(max-width: 1045px) 100vw, 1045px\" \/>\t\t\t\t\t\t\t\t\t\t\t\t\t\t\t<\/div>\n\t\t\t\t<\/div>\n\t\t\t\t<div class=\"elementor-element elementor-element-3a6045c elementor-absolute elementor-widget-tablet__width-initial elementor-hidden-tablet elementor-hidden-phone elementor-widget elementor-widget-image\" data-id=\"3a6045c\" data-element_type=\"widget\" data-e-type=\"widget\" data-settings=\"{&quot;_position&quot;:&quot;absolute&quot;,&quot;motion_fx_motion_fx_scrolling&quot;:&quot;yes&quot;,&quot;motion_fx_rotateZ_effect&quot;:&quot;yes&quot;,&quot;motion_fx_rotateZ_direction&quot;:&quot;negative&quot;,&quot;motion_fx_rotateZ_speed&quot;:{&quot;unit&quot;:&quot;px&quot;,&quot;size&quot;:&quot;0.3&quot;,&quot;sizes&quot;:[]},&quot;motion_fx_rotateZ_affectedRange&quot;:{&quot;unit&quot;:&quot;%&quot;,&quot;size&quot;:&quot;&quot;,&quot;sizes&quot;:{&quot;start&quot;:0,&quot;end&quot;:100}},&quot;motion_fx_devices&quot;:[&quot;desktop&quot;,&quot;tablet&quot;,&quot;mobile&quot;]}\" data-widget_type=\"image.default\">\n\t\t\t\t<div class=\"elementor-widget-container\">\n\t\t\t\t\t\t\t\t\t\t\t\t\t\t\t<img decoding=\"async\" width=\"1045\" height=\"1231\" src=\"https:\/\/www.moralesguesthouse.com\/wp-content\/uploads\/2024\/11\/s1-1.png\" class=\"attachment-full size-full wp-image-2221\" alt=\"\" srcset=\"https:\/\/www.moralesguesthouse.com\/wp-content\/uploads\/2024\/11\/s1-1.png 1045w, https:\/\/www.moralesguesthouse.com\/wp-content\/uploads\/2024\/11\/s1-1-255x300.png 255w, https:\/\/www.moralesguesthouse.com\/wp-content\/uploads\/2024\/11\/s1-1-869x1024.png 869w, https:\/\/www.moralesguesthouse.com\/wp-content\/uploads\/2024\/11\/s1-1-768x905.png 768w\" sizes=\"(max-width: 1045px) 100vw, 1045px\" \/>\t\t\t\t\t\t\t\t\t\t\t\t\t\t\t<\/div>\n\t\t\t\t<\/div>\n\t\t\t\t<div class=\"elementor-element elementor-element-15a38b3 elementor-widget elementor-widget-heading\" data-id=\"15a38b3\" data-element_type=\"widget\" data-e-type=\"widget\" data-widget_type=\"heading.default\">\n\t\t\t\t<div class=\"elementor-widget-container\">\n\t\t\t\t\t<h2 class=\"elementor-heading-title elementor-size-default\">services<\/h2>\t\t\t\t<\/div>\n\t\t\t\t<\/div>\n\t\t\t\t<div class=\"elementor-element elementor-element-0cd6e44 elementor-widget elementor-widget-heading\" data-id=\"0cd6e44\" data-element_type=\"widget\" data-e-type=\"widget\" data-widget_type=\"heading.default\">\n\t\t\t\t<div class=\"elementor-widget-container\">\n\t\t\t\t\t<h2 class=\"elementor-heading-title elementor-size-default\">Complete package<\/h2>\t\t\t\t<\/div>\n\t\t\t\t<\/div>\n\t\t\t\t<div class=\"elementor-element elementor-element-9eb72f0 elementor-widget elementor-widget-text-editor\" data-id=\"9eb72f0\" data-element_type=\"widget\" data-e-type=\"widget\" data-widget_type=\"text-editor.default\">\n\t\t\t\t<div class=\"elementor-widget-container\">\n\t\t\t\t\t\t\t\t\tDesde Pitec (3850m)\nhay una subida continua y empinada por un camino de tierra hasta la escondida Laguna Churup (4450m), un hermoso lago turquesa de monta\u00f1a bajo Nevada Churup (5493m). Los \u00faltimos 100 metros hasta el lago son de subida por un empinado barranco rocoso que puede resultar dif\u00edcil para las personas menos en forma.\t\t\t\t\t\t\t\t<\/div>\n\t\t\t\t<\/div>\n\t\t\t\t<div class=\"elementor-element elementor-element-5fa9019 elementor-widget elementor-widget-text-editor\" data-id=\"5fa9019\" data-element_type=\"widget\" data-e-type=\"widget\" data-widget_type=\"text-editor.default\">\n\t\t\t\t<div class=\"elementor-widget-container\">\n\t\t\t\t\t\t\t\t\tHay que caminar entre 4 y 5 horas desde Pitec hasta el lago y volver al coche. Esta es una caminata exigente debido a la escalada final y es una mejor opci\u00f3n para su segundo d\u00eda de caminata en Huaraz despu\u00e9s de haber tenido un poco de tiempo para aclimatarse.\n<ul>\n \t<li>Salida de Huaraz 07:30<\/li>\n \t<li>Regreso a Huaraz 15:00<\/li>\n \t<li>Huaraz altitud = 3070m<\/li>\n \t<li>La caminata comienza a 3800m (se llega en coche)<\/li>\n \t<li>Altitud m\u00e1xima alcanzada haciendo senderismo = 4450m<\/li>\n<\/ul>\t\t\t\t\t\t\t\t<\/div>\n\t\t\t\t<\/div>\n\t\t\t\t\t<\/div>\n\t\t<\/div>\n\t\t\t\t\t<\/div>\n\t\t<\/section>\n\t\t\t\t<section class=\"elementor-section elementor-top-section elementor-element elementor-element-448a95b elementor-section-boxed elementor-section-height-default elementor-section-height-default\" data-id=\"448a95b\" data-element_type=\"section\" data-e-type=\"section\">\n\t\t\t\t\t\t<div class=\"elementor-container elementor-column-gap-wide\">\n\t\t\t\t\t<div class=\"elementor-column elementor-col-50 elementor-top-column elementor-element elementor-element-494f879\" data-id=\"494f879\" data-element_type=\"column\" data-e-type=\"column\">\n\t\t\t<div class=\"elementor-widget-wrap elementor-element-populated\">\n\t\t\t\t\t\t<div class=\"elementor-element elementor-element-607618d elementor-widget elementor-widget-image\" data-id=\"607618d\" data-element_type=\"widget\" data-e-type=\"widget\" data-widget_type=\"image.default\">\n\t\t\t\t<div class=\"elementor-widget-container\">\n\t\t\t\t\t\t\t\t\t\t\t\t\t\t\t<img loading=\"lazy\" decoding=\"async\" width=\"1187\" height=\"577\" src=\"https:\/\/www.moralesguesthouse.com\/wp-content\/uploads\/2024\/11\/Wilcacocha-Lake.webp\" class=\"attachment-full size-full wp-image-2204\" alt=\"\" srcset=\"https:\/\/www.moralesguesthouse.com\/wp-content\/uploads\/2024\/11\/Wilcacocha-Lake.webp 1187w, https:\/\/www.moralesguesthouse.com\/wp-content\/uploads\/2024\/11\/Wilcacocha-Lake-300x146.webp 300w, https:\/\/www.moralesguesthouse.com\/wp-content\/uploads\/2024\/11\/Wilcacocha-Lake-1024x498.webp 1024w, https:\/\/www.moralesguesthouse.com\/wp-content\/uploads\/2024\/11\/Wilcacocha-Lake-768x373.webp 768w\" sizes=\"(max-width: 1187px) 100vw, 1187px\" \/>\t\t\t\t\t\t\t\t\t\t\t\t\t\t\t<\/div>\n\t\t\t\t<\/div>\n\t\t\t\t<div class=\"elementor-element elementor-element-feeb07a elementor-absolute elementor-hidden-tablet elementor-hidden-phone elementor-widget elementor-widget-image\" data-id=\"feeb07a\" data-element_type=\"widget\" data-e-type=\"widget\" data-settings=\"{&quot;_position&quot;:&quot;absolute&quot;,&quot;motion_fx_motion_fx_scrolling&quot;:&quot;yes&quot;,&quot;motion_fx_rotateZ_effect&quot;:&quot;yes&quot;,&quot;motion_fx_rotateZ_direction&quot;:&quot;negative&quot;,&quot;motion_fx_rotateZ_speed&quot;:{&quot;unit&quot;:&quot;px&quot;,&quot;size&quot;:&quot;0.3&quot;,&quot;sizes&quot;:[]},&quot;motion_fx_rotateZ_affectedRange&quot;:{&quot;unit&quot;:&quot;%&quot;,&quot;size&quot;:&quot;&quot;,&quot;sizes&quot;:{&quot;start&quot;:0,&quot;end&quot;:100}},&quot;motion_fx_devices&quot;:[&quot;desktop&quot;,&quot;tablet&quot;,&quot;mobile&quot;]}\" data-widget_type=\"image.default\">\n\t\t\t\t<div class=\"elementor-widget-container\">\n\t\t\t\t\t\t\t\t\t\t\t\t\t\t\t<img loading=\"lazy\" decoding=\"async\" width=\"800\" height=\"725\" src=\"https:\/\/www.moralesguesthouse.com\/wp-content\/uploads\/2024\/11\/s5-1024x928.png\" class=\"attachment-large size-large wp-image-2223\" alt=\"\" srcset=\"https:\/\/www.moralesguesthouse.com\/wp-content\/uploads\/2024\/11\/s5-1024x928.png 1024w, https:\/\/www.moralesguesthouse.com\/wp-content\/uploads\/2024\/11\/s5-300x272.png 300w, https:\/\/www.moralesguesthouse.com\/wp-content\/uploads\/2024\/11\/s5-768x696.png 768w, https:\/\/www.moralesguesthouse.com\/wp-content\/uploads\/2024\/11\/s5.png 1052w\" sizes=\"(max-width: 800px) 100vw, 800px\" \/>\t\t\t\t\t\t\t\t\t\t\t\t\t\t\t<\/div>\n\t\t\t\t<\/div>\n\t\t\t\t\t<\/div>\n\t\t<\/div>\n\t\t\t\t<div class=\"elementor-column elementor-col-50 elementor-top-column elementor-element elementor-element-6a2e31e\" data-id=\"6a2e31e\" data-element_type=\"column\" data-e-type=\"column\">\n\t\t\t<div class=\"elementor-widget-wrap elementor-element-populated\">\n\t\t\t\t\t\t<div class=\"elementor-element elementor-element-881a583 elementor-widget elementor-widget-heading\" data-id=\"881a583\" data-element_type=\"widget\" data-e-type=\"widget\" data-widget_type=\"heading.default\">\n\t\t\t\t<div class=\"elementor-widget-container\">\n\t\t\t\t\t<h2 class=\"elementor-heading-title elementor-size-default\">Explore the world<\/h2>\t\t\t\t<\/div>\n\t\t\t\t<\/div>\n\t\t\t\t<div class=\"elementor-element elementor-element-fa746c3 elementor-widget elementor-widget-heading\" data-id=\"fa746c3\" data-element_type=\"widget\" data-e-type=\"widget\" data-widget_type=\"heading.default\">\n\t\t\t\t<div class=\"elementor-widget-container\">\n\t\t\t\t\t<h2 class=\"elementor-heading-title elementor-size-default\">Reserve el paquete ahora<\/h2>\t\t\t\t<\/div>\n\t\t\t\t<\/div>\n\t\t\t\t<div class=\"elementor-element elementor-element-4a1e907 elementor-icon-list--layout-traditional elementor-list-item-link-full_width elementor-widget elementor-widget-icon-list\" data-id=\"4a1e907\" data-element_type=\"widget\" data-e-type=\"widget\" data-widget_type=\"icon-list.default\">\n\t\t\t\t<div class=\"elementor-widget-container\">\n\t\t\t\t\t\t\t<ul class=\"elementor-icon-list-items\">\n\t\t\t\t\t\t\t<li class=\"elementor-icon-list-item\">\n\t\t\t\t\t\t\t\t\t\t\t<span class=\"elementor-icon-list-icon\">\n\t\t\t\t\t\t\t<svg aria-hidden=\"true\" class=\"e-font-icon-svg e-fas-check\" viewBox=\"0 0 512 512\" xmlns=\"http:\/\/www.w3.org\/2000\/svg\"><path d=\"M173.898 439.404l-166.4-166.4c-9.997-9.997-9.997-26.206 0-36.204l36.203-36.204c9.997-9.998 26.207-9.998 36.204 0L192 312.69 432.095 72.596c9.997-9.997 26.207-9.997 36.204 0l36.203 36.204c9.997 9.997 9.997 26.206 0 36.204l-294.4 294.401c-9.998 9.997-26.207 9.997-36.204-.001z\"><\/path><\/svg>\t\t\t\t\t\t<\/span>\n\t\t\t\t\t\t\t\t\t\t<span class=\"elementor-icon-list-text\">1 persona: US$196<\/span>\n\t\t\t\t\t\t\t\t\t<\/li>\n\t\t\t\t\t\t\t\t<li class=\"elementor-icon-list-item\">\n\t\t\t\t\t\t\t\t\t\t\t<span class=\"elementor-icon-list-icon\">\n\t\t\t\t\t\t\t<svg aria-hidden=\"true\" class=\"e-font-icon-svg e-fas-check\" viewBox=\"0 0 512 512\" xmlns=\"http:\/\/www.w3.org\/2000\/svg\"><path d=\"M173.898 439.404l-166.4-166.4c-9.997-9.997-9.997-26.206 0-36.204l36.203-36.204c9.997-9.998 26.207-9.998 36.204 0L192 312.69 432.095 72.596c9.997-9.997 26.207-9.997 36.204 0l36.203 36.204c9.997 9.997 9.997 26.206 0 36.204l-294.4 294.401c-9.998 9.997-26.207 9.997-36.204-.001z\"><\/path><\/svg>\t\t\t\t\t\t<\/span>\n\t\t\t\t\t\t\t\t\t\t<span class=\"elementor-icon-list-text\">2 personas: US$110 cada uno<\/span>\n\t\t\t\t\t\t\t\t\t<\/li>\n\t\t\t\t\t\t\t\t<li class=\"elementor-icon-list-item\">\n\t\t\t\t\t\t\t\t\t\t\t<span class=\"elementor-icon-list-icon\">\n\t\t\t\t\t\t\t<svg aria-hidden=\"true\" class=\"e-font-icon-svg e-fas-check\" viewBox=\"0 0 512 512\" xmlns=\"http:\/\/www.w3.org\/2000\/svg\"><path d=\"M173.898 439.404l-166.4-166.4c-9.997-9.997-9.997-26.206 0-36.204l36.203-36.204c9.997-9.998 26.207-9.998 36.204 0L192 312.69 432.095 72.596c9.997-9.997 26.207-9.997 36.204 0l36.203 36.204c9.997 9.997 9.997 26.206 0 36.204l-294.4 294.401c-9.998 9.997-26.207 9.997-36.204-.001z\"><\/path><\/svg>\t\t\t\t\t\t<\/span>\n\t\t\t\t\t\t\t\t\t\t<span class=\"elementor-icon-list-text\">3 personas: US$88 cada uno<\/span>\n\t\t\t\t\t\t\t\t\t<\/li>\n\t\t\t\t\t\t\t\t<li class=\"elementor-icon-list-item\">\n\t\t\t\t\t\t\t\t\t\t\t<span class=\"elementor-icon-list-icon\">\n\t\t\t\t\t\t\t<svg aria-hidden=\"true\" class=\"e-font-icon-svg e-fas-check\" viewBox=\"0 0 512 512\" xmlns=\"http:\/\/www.w3.org\/2000\/svg\"><path d=\"M173.898 439.404l-166.4-166.4c-9.997-9.997-9.997-26.206 0-36.204l36.203-36.204c9.997-9.998 26.207-9.998 36.204 0L192 312.69 432.095 72.596c9.997-9.997 26.207-9.997 36.204 0l36.203 36.204c9.997 9.997 9.997 26.206 0 36.204l-294.4 294.401c-9.998 9.997-26.207 9.997-36.204-.001z\"><\/path><\/svg>\t\t\t\t\t\t<\/span>\n\t\t\t\t\t\t\t\t\t\t<span class=\"elementor-icon-list-text\">4 personas: US$72 cada uno<\/span>\n\t\t\t\t\t\t\t\t\t<\/li>\n\t\t\t\t\t\t\t\t<li class=\"elementor-icon-list-item\">\n\t\t\t\t\t\t\t\t\t\t\t<span class=\"elementor-icon-list-icon\">\n\t\t\t\t\t\t\t<svg aria-hidden=\"true\" class=\"e-font-icon-svg e-fas-check\" viewBox=\"0 0 512 512\" xmlns=\"http:\/\/www.w3.org\/2000\/svg\"><path d=\"M173.898 439.404l-166.4-166.4c-9.997-9.997-9.997-26.206 0-36.204l36.203-36.204c9.997-9.998 26.207-9.998 36.204 0L192 312.69 432.095 72.596c9.997-9.997 26.207-9.997 36.204 0l36.203 36.204c9.997 9.997 9.997 26.206 0 36.204l-294.4 294.401c-9.998 9.997-26.207 9.997-36.204-.001z\"><\/path><\/svg>\t\t\t\t\t\t<\/span>\n\t\t\t\t\t\t\t\t\t\t<span class=\"elementor-icon-list-text\">5 or 6 personas: US$66 cada uno<\/span>\n\t\t\t\t\t\t\t\t\t<\/li>\n\t\t\t\t\t\t\t\t<li class=\"elementor-icon-list-item\">\n\t\t\t\t\t\t\t\t\t\t\t<span class=\"elementor-icon-list-icon\">\n\t\t\t\t\t\t\t<svg aria-hidden=\"true\" class=\"e-font-icon-svg e-fas-check\" viewBox=\"0 0 512 512\" xmlns=\"http:\/\/www.w3.org\/2000\/svg\"><path d=\"M173.898 439.404l-166.4-166.4c-9.997-9.997-9.997-26.206 0-36.204l36.203-36.204c9.997-9.998 26.207-9.998 36.204 0L192 312.69 432.095 72.596c9.997-9.997 26.207-9.997 36.204 0l36.203 36.204c9.997 9.997 9.997 26.206 0 36.204l-294.4 294.401c-9.998 9.997-26.207 9.997-36.204-.001z\"><\/path><\/svg>\t\t\t\t\t\t<\/span>\n\t\t\t\t\t\t\t\t\t\t<span class=\"elementor-icon-list-text\">Incluye gu\u00eda, almuerzo, transporte privado y entrada al Parque Nacional<\/span>\n\t\t\t\t\t\t\t\t\t<\/li>\n\t\t\t\t\t\t<\/ul>\n\t\t\t\t\t\t<\/div>\n\t\t\t\t<\/div>\n\t\t\t\t<div class=\"elementor-element elementor-element-a63d462 elementor-widget elementor-widget-button\" data-id=\"a63d462\" data-element_type=\"widget\" data-e-type=\"widget\" data-widget_type=\"button.default\">\n\t\t\t\t<div class=\"elementor-widget-container\">\n\t\t\t\t\t\t\t\t\t<div class=\"elementor-button-wrapper\">\n\t\t\t\t\t<a class=\"elementor-button elementor-button-link elementor-size-sm\" href=\"https:\/\/moralesguesthouse.com\/es\/contacto\/\">\n\t\t\t\t\t\t<span class=\"elementor-button-content-wrapper\">\n\t\t\t\t\t\t\t\t\t<span class=\"elementor-button-text\">Contactarnos<\/span>\n\t\t\t\t\t<\/span>\n\t\t\t\t\t<\/a>\n\t\t\t\t<\/div>\n\t\t\t\t\t\t\t\t<\/div>\n\t\t\t\t<\/div>\n\t\t\t\t<div class=\"elementor-element elementor-element-a37dee9 elementor-absolute elementor-hidden-phone elementor-widget elementor-widget-image\" data-id=\"a37dee9\" data-element_type=\"widget\" data-e-type=\"widget\" data-settings=\"{&quot;_position&quot;:&quot;absolute&quot;}\" data-widget_type=\"image.default\">\n\t\t\t\t<div class=\"elementor-widget-container\">\n\t\t\t\t\t\t\t\t\t\t\t\t\t\t\t<img loading=\"lazy\" decoding=\"async\" width=\"60\" height=\"63\" src=\"https:\/\/www.moralesguesthouse.com\/wp-content\/uploads\/2024\/11\/s1.png\" class=\"attachment-large size-large wp-image-2225\" alt=\"\" \/>\t\t\t\t\t\t\t\t\t\t\t\t\t\t\t<\/div>\n\t\t\t\t<\/div>\n\t\t\t\t\t<\/div>\n\t\t<\/div>\n\t\t\t\t\t<\/div>\n\t\t<\/section>\n\t\t\t\t<\/div>\n\t\t","protected":false},"excerpt":{"rendered":"<p>Excursi\u00f3n de un d\u00eda (Dif\u00edcil) Laguna Churup Esta es una de las m\u00e1s populares y conocidas caminatas de un d\u00eda y est\u00e1 convenientemente situado s\u00f3lo un corto trayecto en coche fuera de Huaraz. de Huaraz. Tomamos el coche de Huaraz a Pitec, la conducci\u00f3n a trav\u00e9s de la Atractivos asentamientos agr\u00edcolas de Unchus y Llupa [&hellip;]<\/p>\n","protected":false},"author":2,"featured_media":0,"parent":2198,"menu_order":0,"comment_status":"closed","ping_status":"closed","template":"elementor_header_footer","meta":{"footnotes":""},"class_list":["post-2215","page","type-page","status-publish","hentry"],"_links":{"self":[{"href":"https:\/\/www.moralesguesthouse.com\/es\/wp-json\/wp\/v2\/pages\/2215","targetHints":{"allow":["GET"]}}],"collection":[{"href":"https:\/\/www.moralesguesthouse.com\/es\/wp-json\/wp\/v2\/pages"}],"about":[{"href":"https:\/\/www.moralesguesthouse.com\/es\/wp-json\/wp\/v2\/types\/page"}],"author":[{"embeddable":true,"href":"https:\/\/www.moralesguesthouse.com\/es\/wp-json\/wp\/v2\/users\/2"}],"replies":[{"embeddable":true,"href":"https:\/\/www.moralesguesthouse.com\/es\/wp-json\/wp\/v2\/comments?post=2215"}],"version-history":[{"count":5,"href":"https:\/\/www.moralesguesthouse.com\/es\/wp-json\/wp\/v2\/pages\/2215\/revisions"}],"predecessor-version":[{"id":2231,"href":"https:\/\/www.moralesguesthouse.com\/es\/wp-json\/wp\/v2\/pages\/2215\/revisions\/2231"}],"up":[{"embeddable":true,"href":"https:\/\/www.moralesguesthouse.com\/es\/wp-json\/wp\/v2\/pages\/2198"}],"wp:attachment":[{"href":"https:\/\/www.moralesguesthouse.com\/es\/wp-json\/wp\/v2\/media?parent=2215"}],"curies":[{"name":"wp","href":"https:\/\/api.w.org\/{rel}","templated":true}]}}