{"id":1896,"date":"2024-10-23T19:02:05","date_gmt":"2024-10-23T18:02:05","guid":{"rendered":"https:\/\/moralesguesthouse.com\/?page_id=1896"},"modified":"2024-10-23T19:03:17","modified_gmt":"2024-10-23T18:03:17","slug":"galeria","status":"publish","type":"page","link":"https:\/\/www.moralesguesthouse.com\/es\/galeria\/","title":{"rendered":"Galer\u00eda"},"content":{"rendered":"\t\t<div data-elementor-type=\"wp-page\" data-elementor-id=\"1896\" class=\"elementor elementor-1896\" data-elementor-post-type=\"page\">\n\t\t\t\t\t\t<section class=\"elementor-section elementor-top-section elementor-element elementor-element-2b921a6 elementor-section-boxed elementor-section-height-default elementor-section-height-default\" data-id=\"2b921a6\" data-element_type=\"section\" data-e-type=\"section\">\n\t\t\t\t\t\t<div class=\"elementor-container elementor-column-gap-wide\">\n\t\t\t\t\t<div class=\"elementor-column elementor-col-100 elementor-top-column elementor-element elementor-element-c46c7ab\" data-id=\"c46c7ab\" data-element_type=\"column\" data-e-type=\"column\">\n\t\t\t<div class=\"elementor-widget-wrap elementor-element-populated\">\n\t\t\t\t\t\t<div class=\"elementor-element elementor-element-6a6f4f0 elementor-widget elementor-widget-heading\" data-id=\"6a6f4f0\" data-element_type=\"widget\" data-e-type=\"widget\" data-widget_type=\"heading.default\">\n\t\t\t\t<div class=\"elementor-widget-container\">\n\t\t\t\t\t<h1 class=\"elementor-heading-title elementor-size-default\">Galer\u00eda<\/h1>\t\t\t\t<\/div>\n\t\t\t\t<\/div>\n\t\t\t\t<div class=\"elementor-element elementor-element-b36b2e3 elementor-widget elementor-widget-heading\" data-id=\"b36b2e3\" data-element_type=\"widget\" data-e-type=\"widget\" data-widget_type=\"heading.default\">\n\t\t\t\t<div class=\"elementor-widget-container\">\n\t\t\t\t\t<h2 class=\"elementor-heading-title elementor-size-default\">Dise\u00f1ado para el m\u00e1ximo confort y relajaci\u00f3n<\/h2>\t\t\t\t<\/div>\n\t\t\t\t<\/div>\n\t\t\t\t<div class=\"elementor-element elementor-element-50de5b1 elementor-widget elementor-widget-text-editor\" data-id=\"50de5b1\" data-element_type=\"widget\" data-e-type=\"widget\" data-widget_type=\"text-editor.default\">\n\t\t\t\t<div class=\"elementor-widget-container\">\n\t\t\t\t\t\t\t\t\tDescubre la belleza y la comodidad de Morales Guest House a trav\u00e9s de nuestra galer\u00eda de im\u00e1genes. Aqu\u00ed podr\u00e1s ver cada rinc\u00f3n de nuestras instalaciones, desde nuestras acogedoras habitaciones hasta las impresionantes vistas que nos rodean.\t\t\t\t\t\t\t\t<\/div>\n\t\t\t\t<\/div>\n\t\t\t\t\t<\/div>\n\t\t<\/div>\n\t\t\t\t\t<\/div>\n\t\t<\/section>\n\t\t<div class=\"elementor-element elementor-element-ed232cd e-flex e-con-boxed e-con e-parent\" data-id=\"ed232cd\" data-element_type=\"container\" data-e-type=\"container\">\n\t\t\t\t\t<div class=\"e-con-inner\">\n\t\t\t\t<div class=\"elementor-element elementor-element-7f31ce8 gallery-spacing-custom elementor-widget elementor-widget-image-gallery\" data-id=\"7f31ce8\" data-element_type=\"widget\" data-e-type=\"widget\" data-widget_type=\"image-gallery.default\">\n\t\t\t\t<div class=\"elementor-widget-container\">\n\t\t\t\t\t\t\t<div class=\"elementor-image-gallery\">\n\t\t\t<div id='gallery-1' class='gallery galleryid-1896 gallery-columns-4 gallery-size-medium'><figure class='gallery-item'>\n\t\t\t<div class='gallery-icon landscape'>\n\t\t\t\t<a data-elementor-open-lightbox=\"yes\" data-elementor-lightbox-slideshow=\"7f31ce8\" data-elementor-lightbox-title=\"Standard Room - Matrimonial\" data-e-action-hash=\"#elementor-action%3Aaction%3Dlightbox%26settings%3DeyJpZCI6MTk5NSwidXJsIjoiaHR0cHM6XC9cL3d3dy5tb3JhbGVzZ3Vlc3Rob3VzZS5jb21cL3dwLWNvbnRlbnRcL3VwbG9hZHNcLzIwMjRcLzEwXC9TdGFuZGFyZC1Sb29tLU1hdHJpbW9uaWFsLndlYnAiLCJzbGlkZXNob3ciOiI3ZjMxY2U4In0%3D\" href='https:\/\/www.moralesguesthouse.com\/wp-content\/uploads\/2024\/10\/Standard-Room-Matrimonial.webp'><img fetchpriority=\"high\" decoding=\"async\" width=\"300\" height=\"225\" src=\"https:\/\/www.moralesguesthouse.com\/wp-content\/uploads\/2024\/10\/Standard-Room-Matrimonial-300x225.webp\" class=\"attachment-medium size-medium\" alt=\"\" srcset=\"https:\/\/www.moralesguesthouse.com\/wp-content\/uploads\/2024\/10\/Standard-Room-Matrimonial-300x225.webp 300w, https:\/\/www.moralesguesthouse.com\/wp-content\/uploads\/2024\/10\/Standard-Room-Matrimonial-1024x768.webp 1024w, https:\/\/www.moralesguesthouse.com\/wp-content\/uploads\/2024\/10\/Standard-Room-Matrimonial-768x576.webp 768w, https:\/\/www.moralesguesthouse.com\/wp-content\/uploads\/2024\/10\/Standard-Room-Matrimonial.webp 1080w\" sizes=\"(max-width: 300px) 100vw, 300px\" \/><\/a>\n\t\t\t<\/div><\/figure><figure class='gallery-item'>\n\t\t\t<div class='gallery-icon landscape'>\n\t\t\t\t<a data-elementor-open-lightbox=\"yes\" data-elementor-lightbox-slideshow=\"7f31ce8\" data-elementor-lightbox-title=\"Standard Room - Simple 2\" data-e-action-hash=\"#elementor-action%3Aaction%3Dlightbox%26settings%3DeyJpZCI6MTk5NywidXJsIjoiaHR0cHM6XC9cL3d3dy5tb3JhbGVzZ3Vlc3Rob3VzZS5jb21cL3dwLWNvbnRlbnRcL3VwbG9hZHNcLzIwMjRcLzEwXC9TdGFuZGFyZC1Sb29tLVNpbXBsZS0yLndlYnAiLCJzbGlkZXNob3ciOiI3ZjMxY2U4In0%3D\" href='https:\/\/www.moralesguesthouse.com\/wp-content\/uploads\/2024\/10\/Standard-Room-Simple-2.webp'><img decoding=\"async\" width=\"300\" height=\"225\" src=\"https:\/\/www.moralesguesthouse.com\/wp-content\/uploads\/2024\/10\/Standard-Room-Simple-2-300x225.webp\" class=\"attachment-medium size-medium\" alt=\"\" srcset=\"https:\/\/www.moralesguesthouse.com\/wp-content\/uploads\/2024\/10\/Standard-Room-Simple-2-300x225.webp 300w, https:\/\/www.moralesguesthouse.com\/wp-content\/uploads\/2024\/10\/Standard-Room-Simple-2-1024x768.webp 1024w, https:\/\/www.moralesguesthouse.com\/wp-content\/uploads\/2024\/10\/Standard-Room-Simple-2-768x576.webp 768w, https:\/\/www.moralesguesthouse.com\/wp-content\/uploads\/2024\/10\/Standard-Room-Simple-2.webp 1080w\" sizes=\"(max-width: 300px) 100vw, 300px\" \/><\/a>\n\t\t\t<\/div><\/figure><figure class='gallery-item'>\n\t\t\t<div class='gallery-icon landscape'>\n\t\t\t\t<a data-elementor-open-lightbox=\"yes\" data-elementor-lightbox-slideshow=\"7f31ce8\" data-elementor-lightbox-title=\"Standard Room Triple\" data-e-action-hash=\"#elementor-action%3Aaction%3Dlightbox%26settings%3DeyJpZCI6MjAwMSwidXJsIjoiaHR0cHM6XC9cL3d3dy5tb3JhbGVzZ3Vlc3Rob3VzZS5jb21cL3dwLWNvbnRlbnRcL3VwbG9hZHNcLzIwMjRcLzEwXC9TdGFuZGFyZC1Sb29tLVRyaXBsZS53ZWJwIiwic2xpZGVzaG93IjoiN2YzMWNlOCJ9\" href='https:\/\/www.moralesguesthouse.com\/wp-content\/uploads\/2024\/10\/Standard-Room-Triple.webp'><img decoding=\"async\" width=\"300\" height=\"215\" src=\"https:\/\/www.moralesguesthouse.com\/wp-content\/uploads\/2024\/10\/Standard-Room-Triple-300x215.webp\" class=\"attachment-medium size-medium\" alt=\"Large triple accommodation at Morales Guesthouse overlooking the garden\" srcset=\"https:\/\/www.moralesguesthouse.com\/wp-content\/uploads\/2024\/10\/Standard-Room-Triple-300x215.webp 300w, https:\/\/www.moralesguesthouse.com\/wp-content\/uploads\/2024\/10\/Standard-Room-Triple-1024x735.webp 1024w, https:\/\/www.moralesguesthouse.com\/wp-content\/uploads\/2024\/10\/Standard-Room-Triple-768x551.webp 768w, https:\/\/www.moralesguesthouse.com\/wp-content\/uploads\/2024\/10\/Standard-Room-Triple.webp 1080w\" sizes=\"(max-width: 300px) 100vw, 300px\" \/><\/a>\n\t\t\t<\/div><\/figure><figure class='gallery-item'>\n\t\t\t<div class='gallery-icon landscape'>\n\t\t\t\t<a data-elementor-open-lightbox=\"yes\" data-elementor-lightbox-slideshow=\"7f31ce8\" data-elementor-lightbox-title=\"Garden View Room Double - 3\" data-e-action-hash=\"#elementor-action%3Aaction%3Dlightbox%26settings%3DeyJpZCI6MjAwMiwidXJsIjoiaHR0cHM6XC9cL3d3dy5tb3JhbGVzZ3Vlc3Rob3VzZS5jb21cL3dwLWNvbnRlbnRcL3VwbG9hZHNcLzIwMjRcLzEwXC9HYXJkZW4tVmlldy1Sb29tLURvdWJsZS0zLndlYnAiLCJzbGlkZXNob3ciOiI3ZjMxY2U4In0%3D\" href='https:\/\/www.moralesguesthouse.com\/wp-content\/uploads\/2024\/10\/Garden-View-Room-Double-3.webp'><img loading=\"lazy\" decoding=\"async\" width=\"300\" height=\"225\" src=\"https:\/\/www.moralesguesthouse.com\/wp-content\/uploads\/2024\/10\/Garden-View-Room-Double-3-300x225.webp\" class=\"attachment-medium size-medium\" alt=\"Cozy Garden View Room in Huaraz - Morales Guesthouse Interior\" srcset=\"https:\/\/www.moralesguesthouse.com\/wp-content\/uploads\/2024\/10\/Garden-View-Room-Double-3-300x225.webp 300w, https:\/\/www.moralesguesthouse.com\/wp-content\/uploads\/2024\/10\/Garden-View-Room-Double-3-1024x768.webp 1024w, https:\/\/www.moralesguesthouse.com\/wp-content\/uploads\/2024\/10\/Garden-View-Room-Double-3-768x576.webp 768w, https:\/\/www.moralesguesthouse.com\/wp-content\/uploads\/2024\/10\/Garden-View-Room-Double-3.webp 1080w\" sizes=\"(max-width: 300px) 100vw, 300px\" \/><\/a>\n\t\t\t<\/div><\/figure><figure class='gallery-item'>\n\t\t\t<div class='gallery-icon landscape'>\n\t\t\t\t<a data-elementor-open-lightbox=\"yes\" data-elementor-lightbox-slideshow=\"7f31ce8\" data-elementor-lightbox-title=\"Mountain View Room Triple - 3\" data-e-action-hash=\"#elementor-action%3Aaction%3Dlightbox%26settings%3DeyJpZCI6MjAxNCwidXJsIjoiaHR0cHM6XC9cL3d3dy5tb3JhbGVzZ3Vlc3Rob3VzZS5jb21cL3dwLWNvbnRlbnRcL3VwbG9hZHNcLzIwMjRcLzEwXC9Nb3VudGFpbi1WaWV3LVJvb20tVHJpcGxlLTMud2VicCIsInNsaWRlc2hvdyI6IjdmMzFjZTgifQ%3D%3D\" href='https:\/\/www.moralesguesthouse.com\/wp-content\/uploads\/2024\/10\/Mountain-View-Room-Triple-3.webp'><img loading=\"lazy\" decoding=\"async\" width=\"300\" height=\"225\" src=\"https:\/\/www.moralesguesthouse.com\/wp-content\/uploads\/2024\/10\/Mountain-View-Room-Triple-3-300x225.webp\" class=\"attachment-medium size-medium\" alt=\"\" srcset=\"https:\/\/www.moralesguesthouse.com\/wp-content\/uploads\/2024\/10\/Mountain-View-Room-Triple-3-300x225.webp 300w, https:\/\/www.moralesguesthouse.com\/wp-content\/uploads\/2024\/10\/Mountain-View-Room-Triple-3-1024x768.webp 1024w, https:\/\/www.moralesguesthouse.com\/wp-content\/uploads\/2024\/10\/Mountain-View-Room-Triple-3-768x576.webp 768w, https:\/\/www.moralesguesthouse.com\/wp-content\/uploads\/2024\/10\/Mountain-View-Room-Triple-3.webp 1080w\" sizes=\"(max-width: 300px) 100vw, 300px\" \/><\/a>\n\t\t\t<\/div><\/figure><figure class='gallery-item'>\n\t\t\t<div class='gallery-icon landscape'>\n\t\t\t\t<a data-elementor-open-lightbox=\"yes\" data-elementor-lightbox-slideshow=\"7f31ce8\" data-elementor-lightbox-title=\"Mountain View Room Triple - 2\" data-e-action-hash=\"#elementor-action%3Aaction%3Dlightbox%26settings%3DeyJpZCI6MjAxNSwidXJsIjoiaHR0cHM6XC9cL3d3dy5tb3JhbGVzZ3Vlc3Rob3VzZS5jb21cL3dwLWNvbnRlbnRcL3VwbG9hZHNcLzIwMjRcLzEwXC9Nb3VudGFpbi1WaWV3LVJvb20tVHJpcGxlLTIud2VicCIsInNsaWRlc2hvdyI6IjdmMzFjZTgifQ%3D%3D\" href='https:\/\/www.moralesguesthouse.com\/wp-content\/uploads\/2024\/10\/Mountain-View-Room-Triple-2.webp'><img loading=\"lazy\" decoding=\"async\" width=\"300\" height=\"225\" src=\"https:\/\/www.moralesguesthouse.com\/wp-content\/uploads\/2024\/10\/Mountain-View-Room-Triple-2-300x225.webp\" class=\"attachment-medium size-medium\" alt=\"\" srcset=\"https:\/\/www.moralesguesthouse.com\/wp-content\/uploads\/2024\/10\/Mountain-View-Room-Triple-2-300x225.webp 300w, https:\/\/www.moralesguesthouse.com\/wp-content\/uploads\/2024\/10\/Mountain-View-Room-Triple-2-1024x768.webp 1024w, https:\/\/www.moralesguesthouse.com\/wp-content\/uploads\/2024\/10\/Mountain-View-Room-Triple-2-768x576.webp 768w, https:\/\/www.moralesguesthouse.com\/wp-content\/uploads\/2024\/10\/Mountain-View-Room-Triple-2.webp 1080w\" sizes=\"(max-width: 300px) 100vw, 300px\" \/><\/a>\n\t\t\t<\/div><\/figure><figure class='gallery-item'>\n\t\t\t<div class='gallery-icon landscape'>\n\t\t\t\t<a data-elementor-open-lightbox=\"yes\" data-elementor-lightbox-slideshow=\"7f31ce8\" data-elementor-lightbox-title=\"Morales Guest House - Areas Comunes\" data-e-action-hash=\"#elementor-action%3Aaction%3Dlightbox%26settings%3DeyJpZCI6MjAxNiwidXJsIjoiaHR0cHM6XC9cL3d3dy5tb3JhbGVzZ3Vlc3Rob3VzZS5jb21cL3dwLWNvbnRlbnRcL3VwbG9hZHNcLzIwMjRcLzEwXC9Nb3JhbGVzLUd1ZXN0LUhvdXNlLUFyZWFzLUNvbXVuZXMud2VicCIsInNsaWRlc2hvdyI6IjdmMzFjZTgifQ%3D%3D\" href='https:\/\/www.moralesguesthouse.com\/wp-content\/uploads\/2024\/10\/Morales-Guest-House-Areas-Comunes.webp'><img loading=\"lazy\" decoding=\"async\" width=\"300\" height=\"225\" src=\"https:\/\/www.moralesguesthouse.com\/wp-content\/uploads\/2024\/10\/Morales-Guest-House-Areas-Comunes-300x225.webp\" class=\"attachment-medium size-medium\" alt=\"\" srcset=\"https:\/\/www.moralesguesthouse.com\/wp-content\/uploads\/2024\/10\/Morales-Guest-House-Areas-Comunes-300x225.webp 300w, https:\/\/www.moralesguesthouse.com\/wp-content\/uploads\/2024\/10\/Morales-Guest-House-Areas-Comunes-1024x768.webp 1024w, https:\/\/www.moralesguesthouse.com\/wp-content\/uploads\/2024\/10\/Morales-Guest-House-Areas-Comunes-768x576.webp 768w, https:\/\/www.moralesguesthouse.com\/wp-content\/uploads\/2024\/10\/Morales-Guest-House-Areas-Comunes-1536x1152.webp 1536w, https:\/\/www.moralesguesthouse.com\/wp-content\/uploads\/2024\/10\/Morales-Guest-House-Areas-Comunes.webp 1920w\" sizes=\"(max-width: 300px) 100vw, 300px\" \/><\/a>\n\t\t\t<\/div><\/figure><figure class='gallery-item'>\n\t\t\t<div class='gallery-icon landscape'>\n\t\t\t\t<a data-elementor-open-lightbox=\"yes\" data-elementor-lightbox-slideshow=\"7f31ce8\" data-elementor-lightbox-title=\"Garden View Rooms\" data-e-action-hash=\"#elementor-action%3Aaction%3Dlightbox%26settings%3DeyJpZCI6MjAxNywidXJsIjoiaHR0cHM6XC9cL3d3dy5tb3JhbGVzZ3Vlc3Rob3VzZS5jb21cL3dwLWNvbnRlbnRcL3VwbG9hZHNcLzIwMjRcLzEwXC9HYXJkZW4tVmlldy1Sb29tcy53ZWJwIiwic2xpZGVzaG93IjoiN2YzMWNlOCJ9\" href='https:\/\/www.moralesguesthouse.com\/wp-content\/uploads\/2024\/10\/Garden-View-Rooms.webp'><img loading=\"lazy\" decoding=\"async\" width=\"300\" height=\"225\" src=\"https:\/\/www.moralesguesthouse.com\/wp-content\/uploads\/2024\/10\/Garden-View-Rooms-300x225.webp\" class=\"attachment-medium size-medium\" alt=\"\" srcset=\"https:\/\/www.moralesguesthouse.com\/wp-content\/uploads\/2024\/10\/Garden-View-Rooms-300x225.webp 300w, https:\/\/www.moralesguesthouse.com\/wp-content\/uploads\/2024\/10\/Garden-View-Rooms-1024x768.webp 1024w, https:\/\/www.moralesguesthouse.com\/wp-content\/uploads\/2024\/10\/Garden-View-Rooms-768x576.webp 768w, https:\/\/www.moralesguesthouse.com\/wp-content\/uploads\/2024\/10\/Garden-View-Rooms-1536x1152.webp 1536w, https:\/\/www.moralesguesthouse.com\/wp-content\/uploads\/2024\/10\/Garden-View-Rooms.webp 1920w\" sizes=\"(max-width: 300px) 100vw, 300px\" \/><\/a>\n\t\t\t<\/div><\/figure><figure class='gallery-item'>\n\t\t\t<div class='gallery-icon landscape'>\n\t\t\t\t<a data-elementor-open-lightbox=\"yes\" data-elementor-lightbox-slideshow=\"7f31ce8\" data-elementor-lightbox-title=\"Mountain View Rooms\" data-e-action-hash=\"#elementor-action%3Aaction%3Dlightbox%26settings%3DeyJpZCI6MjAxOCwidXJsIjoiaHR0cHM6XC9cL3d3dy5tb3JhbGVzZ3Vlc3Rob3VzZS5jb21cL3dwLWNvbnRlbnRcL3VwbG9hZHNcLzIwMjRcLzEwXC9Nb3VudGFpbi1WaWV3LVJvb21zLndlYnAiLCJzbGlkZXNob3ciOiI3ZjMxY2U4In0%3D\" href='https:\/\/www.moralesguesthouse.com\/wp-content\/uploads\/2024\/10\/Mountain-View-Rooms.webp'><img loading=\"lazy\" decoding=\"async\" width=\"300\" height=\"225\" src=\"https:\/\/www.moralesguesthouse.com\/wp-content\/uploads\/2024\/10\/Mountain-View-Rooms-300x225.webp\" class=\"attachment-medium size-medium\" alt=\"\" srcset=\"https:\/\/www.moralesguesthouse.com\/wp-content\/uploads\/2024\/10\/Mountain-View-Rooms-300x225.webp 300w, https:\/\/www.moralesguesthouse.com\/wp-content\/uploads\/2024\/10\/Mountain-View-Rooms-1024x768.webp 1024w, https:\/\/www.moralesguesthouse.com\/wp-content\/uploads\/2024\/10\/Mountain-View-Rooms-768x576.webp 768w, https:\/\/www.moralesguesthouse.com\/wp-content\/uploads\/2024\/10\/Mountain-View-Rooms.webp 1080w\" sizes=\"(max-width: 300px) 100vw, 300px\" \/><\/a>\n\t\t\t<\/div><\/figure><figure class='gallery-item'>\n\t\t\t<div class='gallery-icon landscape'>\n\t\t\t\t<a data-elementor-open-lightbox=\"yes\" data-elementor-lightbox-slideshow=\"7f31ce8\" data-elementor-lightbox-title=\"Mountain View Room Simple\" data-e-action-hash=\"#elementor-action%3Aaction%3Dlightbox%26settings%3DeyJpZCI6MjAxMSwidXJsIjoiaHR0cHM6XC9cL3d3dy5tb3JhbGVzZ3Vlc3Rob3VzZS5jb21cL3dwLWNvbnRlbnRcL3VwbG9hZHNcLzIwMjRcLzEwXC9Nb3VudGFpbi1WaWV3LVJvb20tU2ltcGxlLndlYnAiLCJzbGlkZXNob3ciOiI3ZjMxY2U4In0%3D\" href='https:\/\/www.moralesguesthouse.com\/wp-content\/uploads\/2024\/10\/Mountain-View-Room-Simple.webp'><img loading=\"lazy\" decoding=\"async\" width=\"300\" height=\"225\" src=\"https:\/\/www.moralesguesthouse.com\/wp-content\/uploads\/2024\/10\/Mountain-View-Room-Simple-300x225.webp\" class=\"attachment-medium size-medium\" alt=\"Mountain view room balcony Cordillera Blanca Huaraz\" srcset=\"https:\/\/www.moralesguesthouse.com\/wp-content\/uploads\/2024\/10\/Mountain-View-Room-Simple-300x225.webp 300w, https:\/\/www.moralesguesthouse.com\/wp-content\/uploads\/2024\/10\/Mountain-View-Room-Simple-1024x768.webp 1024w, https:\/\/www.moralesguesthouse.com\/wp-content\/uploads\/2024\/10\/Mountain-View-Room-Simple-768x576.webp 768w, https:\/\/www.moralesguesthouse.com\/wp-content\/uploads\/2024\/10\/Mountain-View-Room-Simple.webp 1080w\" sizes=\"(max-width: 300px) 100vw, 300px\" \/><\/a>\n\t\t\t<\/div><\/figure><figure class='gallery-item'>\n\t\t\t<div class='gallery-icon landscape'>\n\t\t\t\t<a data-elementor-open-lightbox=\"yes\" data-elementor-lightbox-slideshow=\"7f31ce8\" data-elementor-lightbox-title=\"Morales Guest House\" data-e-action-hash=\"#elementor-action%3Aaction%3Dlightbox%26settings%3DeyJpZCI6MTk3NCwidXJsIjoiaHR0cHM6XC9cL3d3dy5tb3JhbGVzZ3Vlc3Rob3VzZS5jb21cL3dwLWNvbnRlbnRcL3VwbG9hZHNcLzIwMjRcLzA5XC9Nb3JhbGVzLUd1ZXN0LUhvdXNlLndlYnAiLCJzbGlkZXNob3ciOiI3ZjMxY2U4In0%3D\" href='https:\/\/www.moralesguesthouse.com\/wp-content\/uploads\/2024\/09\/Morales-Guest-House.webp'><img loading=\"lazy\" decoding=\"async\" width=\"300\" height=\"200\" src=\"https:\/\/www.moralesguesthouse.com\/wp-content\/uploads\/2024\/09\/Morales-Guest-House-300x200.webp\" class=\"attachment-medium size-medium\" alt=\"\" srcset=\"https:\/\/www.moralesguesthouse.com\/wp-content\/uploads\/2024\/09\/Morales-Guest-House-300x200.webp 300w, https:\/\/www.moralesguesthouse.com\/wp-content\/uploads\/2024\/09\/Morales-Guest-House-1024x683.webp 1024w, https:\/\/www.moralesguesthouse.com\/wp-content\/uploads\/2024\/09\/Morales-Guest-House-768x512.webp 768w, https:\/\/www.moralesguesthouse.com\/wp-content\/uploads\/2024\/09\/Morales-Guest-House.webp 1200w\" sizes=\"(max-width: 300px) 100vw, 300px\" \/><\/a>\n\t\t\t<\/div><\/figure><figure class='gallery-item'>\n\t\t\t<div class='gallery-icon landscape'>\n\t\t\t\t<a data-elementor-open-lightbox=\"yes\" data-elementor-lightbox-slideshow=\"7f31ce8\" data-elementor-lightbox-title=\"Mountain View Room Double\" data-e-action-hash=\"#elementor-action%3Aaction%3Dlightbox%26settings%3DeyJpZCI6MTk4NSwidXJsIjoiaHR0cHM6XC9cL3d3dy5tb3JhbGVzZ3Vlc3Rob3VzZS5jb21cL3dwLWNvbnRlbnRcL3VwbG9hZHNcLzIwMjRcLzEwXC9Nb3VudGFpbi1WaWV3LVJvb20tRG91YmxlLndlYnAiLCJzbGlkZXNob3ciOiI3ZjMxY2U4In0%3D\" href='https:\/\/www.moralesguesthouse.com\/wp-content\/uploads\/2024\/10\/Mountain-View-Room-Double.webp'><img loading=\"lazy\" decoding=\"async\" width=\"300\" height=\"225\" src=\"https:\/\/www.moralesguesthouse.com\/wp-content\/uploads\/2024\/10\/Mountain-View-Room-Double-300x225.webp\" class=\"attachment-medium size-medium\" alt=\"\" srcset=\"https:\/\/www.moralesguesthouse.com\/wp-content\/uploads\/2024\/10\/Mountain-View-Room-Double-300x225.webp 300w, https:\/\/www.moralesguesthouse.com\/wp-content\/uploads\/2024\/10\/Mountain-View-Room-Double-1024x768.webp 1024w, https:\/\/www.moralesguesthouse.com\/wp-content\/uploads\/2024\/10\/Mountain-View-Room-Double-768x576.webp 768w, https:\/\/www.moralesguesthouse.com\/wp-content\/uploads\/2024\/10\/Mountain-View-Room-Double.webp 1080w\" sizes=\"(max-width: 300px) 100vw, 300px\" \/><\/a>\n\t\t\t<\/div><\/figure><figure class='gallery-item'>\n\t\t\t<div class='gallery-icon landscape'>\n\t\t\t\t<a data-elementor-open-lightbox=\"yes\" data-elementor-lightbox-slideshow=\"7f31ce8\" data-elementor-lightbox-title=\"Mountain View Room Double - 3\" data-e-action-hash=\"#elementor-action%3Aaction%3Dlightbox%26settings%3DeyJpZCI6MTk4MywidXJsIjoiaHR0cHM6XC9cL3d3dy5tb3JhbGVzZ3Vlc3Rob3VzZS5jb21cL3dwLWNvbnRlbnRcL3VwbG9hZHNcLzIwMjRcLzEwXC9Nb3VudGFpbi1WaWV3LVJvb20tRG91YmxlLTMud2VicCIsInNsaWRlc2hvdyI6IjdmMzFjZTgifQ%3D%3D\" href='https:\/\/www.moralesguesthouse.com\/wp-content\/uploads\/2024\/10\/Mountain-View-Room-Double-3.webp'><img loading=\"lazy\" decoding=\"async\" width=\"300\" height=\"225\" src=\"https:\/\/www.moralesguesthouse.com\/wp-content\/uploads\/2024\/10\/Mountain-View-Room-Double-3-300x225.webp\" class=\"attachment-medium size-medium\" alt=\"\" srcset=\"https:\/\/www.moralesguesthouse.com\/wp-content\/uploads\/2024\/10\/Mountain-View-Room-Double-3-300x225.webp 300w, https:\/\/www.moralesguesthouse.com\/wp-content\/uploads\/2024\/10\/Mountain-View-Room-Double-3-1024x768.webp 1024w, https:\/\/www.moralesguesthouse.com\/wp-content\/uploads\/2024\/10\/Mountain-View-Room-Double-3-768x576.webp 768w, https:\/\/www.moralesguesthouse.com\/wp-content\/uploads\/2024\/10\/Mountain-View-Room-Double-3.webp 1080w\" sizes=\"(max-width: 300px) 100vw, 300px\" \/><\/a>\n\t\t\t<\/div><\/figure><figure class='gallery-item'>\n\t\t\t<div class='gallery-icon landscape'>\n\t\t\t\t<a data-elementor-open-lightbox=\"yes\" data-elementor-lightbox-slideshow=\"7f31ce8\" data-elementor-lightbox-title=\"Mountain View Room Triple\" data-e-action-hash=\"#elementor-action%3Aaction%3Dlightbox%26settings%3DeyJpZCI6MTk4OSwidXJsIjoiaHR0cHM6XC9cL3d3dy5tb3JhbGVzZ3Vlc3Rob3VzZS5jb21cL3dwLWNvbnRlbnRcL3VwbG9hZHNcLzIwMjRcLzEwXC9Nb3VudGFpbi1WaWV3LVJvb20tVHJpcGxlLndlYnAiLCJzbGlkZXNob3ciOiI3ZjMxY2U4In0%3D\" href='https:\/\/www.moralesguesthouse.com\/wp-content\/uploads\/2024\/10\/Mountain-View-Room-Triple.webp'><img loading=\"lazy\" decoding=\"async\" width=\"300\" height=\"225\" src=\"https:\/\/www.moralesguesthouse.com\/wp-content\/uploads\/2024\/10\/Mountain-View-Room-Triple-300x225.webp\" class=\"attachment-medium size-medium\" alt=\"\" srcset=\"https:\/\/www.moralesguesthouse.com\/wp-content\/uploads\/2024\/10\/Mountain-View-Room-Triple-300x225.webp 300w, https:\/\/www.moralesguesthouse.com\/wp-content\/uploads\/2024\/10\/Mountain-View-Room-Triple-1024x768.webp 1024w, https:\/\/www.moralesguesthouse.com\/wp-content\/uploads\/2024\/10\/Mountain-View-Room-Triple-768x576.webp 768w, https:\/\/www.moralesguesthouse.com\/wp-content\/uploads\/2024\/10\/Mountain-View-Room-Triple.webp 1080w\" sizes=\"(max-width: 300px) 100vw, 300px\" \/><\/a>\n\t\t\t<\/div><\/figure><figure class='gallery-item'>\n\t\t\t<div class='gallery-icon landscape'>\n\t\t\t\t<a data-elementor-open-lightbox=\"yes\" data-elementor-lightbox-slideshow=\"7f31ce8\" data-elementor-lightbox-title=\"Standard Room - Double 2\" data-e-action-hash=\"#elementor-action%3Aaction%3Dlightbox%26settings%3DeyJpZCI6MTk5MSwidXJsIjoiaHR0cHM6XC9cL3d3dy5tb3JhbGVzZ3Vlc3Rob3VzZS5jb21cL3dwLWNvbnRlbnRcL3VwbG9hZHNcLzIwMjRcLzEwXC9TdGFuZGFyZC1Sb29tLURvdWJsZS0yLndlYnAiLCJzbGlkZXNob3ciOiI3ZjMxY2U4In0%3D\" href='https:\/\/www.moralesguesthouse.com\/wp-content\/uploads\/2024\/10\/Standard-Room-Double-2.webp'><img loading=\"lazy\" decoding=\"async\" width=\"300\" height=\"225\" src=\"https:\/\/www.moralesguesthouse.com\/wp-content\/uploads\/2024\/10\/Standard-Room-Double-2-300x225.webp\" class=\"attachment-medium size-medium\" alt=\"\" srcset=\"https:\/\/www.moralesguesthouse.com\/wp-content\/uploads\/2024\/10\/Standard-Room-Double-2-300x225.webp 300w, https:\/\/www.moralesguesthouse.com\/wp-content\/uploads\/2024\/10\/Standard-Room-Double-2-1024x768.webp 1024w, https:\/\/www.moralesguesthouse.com\/wp-content\/uploads\/2024\/10\/Standard-Room-Double-2-768x576.webp 768w, https:\/\/www.moralesguesthouse.com\/wp-content\/uploads\/2024\/10\/Standard-Room-Double-2.webp 1080w\" sizes=\"(max-width: 300px) 100vw, 300px\" \/><\/a>\n\t\t\t<\/div><\/figure><figure class='gallery-item'>\n\t\t\t<div class='gallery-icon landscape'>\n\t\t\t\t<a data-elementor-open-lightbox=\"yes\" data-elementor-lightbox-slideshow=\"7f31ce8\" data-elementor-lightbox-title=\"Mountain View Room Double - 2\" data-e-action-hash=\"#elementor-action%3Aaction%3Dlightbox%26settings%3DeyJpZCI6MTk4MiwidXJsIjoiaHR0cHM6XC9cL3d3dy5tb3JhbGVzZ3Vlc3Rob3VzZS5jb21cL3dwLWNvbnRlbnRcL3VwbG9hZHNcLzIwMjRcLzEwXC9Nb3VudGFpbi1WaWV3LVJvb20tRG91YmxlLTIud2VicCIsInNsaWRlc2hvdyI6IjdmMzFjZTgifQ%3D%3D\" href='https:\/\/www.moralesguesthouse.com\/wp-content\/uploads\/2024\/10\/Mountain-View-Room-Double-2.webp'><img loading=\"lazy\" decoding=\"async\" width=\"300\" height=\"253\" src=\"https:\/\/www.moralesguesthouse.com\/wp-content\/uploads\/2024\/10\/Mountain-View-Room-Double-2-300x253.webp\" class=\"attachment-medium size-medium\" alt=\"\" srcset=\"https:\/\/www.moralesguesthouse.com\/wp-content\/uploads\/2024\/10\/Mountain-View-Room-Double-2-300x253.webp 300w, https:\/\/www.moralesguesthouse.com\/wp-content\/uploads\/2024\/10\/Mountain-View-Room-Double-2-1024x863.webp 1024w, https:\/\/www.moralesguesthouse.com\/wp-content\/uploads\/2024\/10\/Mountain-View-Room-Double-2-768x647.webp 768w, https:\/\/www.moralesguesthouse.com\/wp-content\/uploads\/2024\/10\/Mountain-View-Room-Double-2.webp 1080w\" sizes=\"(max-width: 300px) 100vw, 300px\" \/><\/a>\n\t\t\t<\/div><\/figure>\n\t\t<\/div>\n\t\t<\/div>\n\t\t\t\t\t\t<\/div>\n\t\t\t\t<\/div>\n\t\t\t\t\t<\/div>\n\t\t\t\t<\/div>\n\t\t\t\t<\/div>\n\t\t","protected":false},"excerpt":{"rendered":"<p>Descubre la belleza y la comodidad de Morales Guest House a trav\u00e9s de nuestra galer\u00eda de im\u00e1genes. Aqu\u00ed podr\u00e1s ver cada rinc\u00f3n de nuestras instalaciones, desde nuestras acogedoras habitaciones hasta las impresionantes vistas que nos rodean. <\/p>\n","protected":false},"author":1,"featured_media":0,"parent":0,"menu_order":0,"comment_status":"closed","ping_status":"closed","template":"elementor_header_footer","meta":{"footnotes":""},"class_list":["post-1896","page","type-page","status-publish","hentry"],"_links":{"self":[{"href":"https:\/\/www.moralesguesthouse.com\/es\/wp-json\/wp\/v2\/pages\/1896","targetHints":{"allow":["GET"]}}],"collection":[{"href":"https:\/\/www.moralesguesthouse.com\/es\/wp-json\/wp\/v2\/pages"}],"about":[{"href":"https:\/\/www.moralesguesthouse.com\/es\/wp-json\/wp\/v2\/types\/page"}],"author":[{"embeddable":true,"href":"https:\/\/www.moralesguesthouse.com\/es\/wp-json\/wp\/v2\/users\/1"}],"replies":[{"embeddable":true,"href":"https:\/\/www.moralesguesthouse.com\/es\/wp-json\/wp\/v2\/comments?post=1896"}],"version-history":[{"count":4,"href":"https:\/\/www.moralesguesthouse.com\/es\/wp-json\/wp\/v2\/pages\/1896\/revisions"}],"predecessor-version":[{"id":1900,"href":"https:\/\/www.moralesguesthouse.com\/es\/wp-json\/wp\/v2\/pages\/1896\/revisions\/1900"}],"wp:attachment":[{"href":"https:\/\/www.moralesguesthouse.com\/es\/wp-json\/wp\/v2\/media?parent=1896"}],"curies":[{"name":"wp","href":"https:\/\/api.w.org\/{rel}","templated":true}]}}