{"id":1888,"date":"2024-10-23T18:59:03","date_gmt":"2024-10-23T17:59:03","guid":{"rendered":"https:\/\/moralesguesthouse.com\/?page_id=1888"},"modified":"2024-10-23T19:01:27","modified_gmt":"2024-10-23T18:01:27","slug":"habitaciones","status":"publish","type":"page","link":"https:\/\/www.moralesguesthouse.com\/es\/habitaciones\/","title":{"rendered":"Habitaciones"},"content":{"rendered":"\t\t<div data-elementor-type=\"wp-page\" data-elementor-id=\"1888\" class=\"elementor elementor-1888\" data-elementor-post-type=\"page\">\n\t\t\t\t\t\t<section class=\"elementor-section elementor-top-section elementor-element elementor-element-4c40a03 elementor-section-boxed elementor-section-height-default elementor-section-height-default\" data-id=\"4c40a03\" data-element_type=\"section\" data-e-type=\"section\">\n\t\t\t\t\t\t<div class=\"elementor-container elementor-column-gap-wide\">\n\t\t\t\t\t<div class=\"elementor-column elementor-col-100 elementor-top-column elementor-element elementor-element-5775d3a\" data-id=\"5775d3a\" data-element_type=\"column\" data-e-type=\"column\">\n\t\t\t<div class=\"elementor-widget-wrap elementor-element-populated\">\n\t\t\t\t\t\t<div class=\"elementor-element elementor-element-02ac6a3 elementor-widget elementor-widget-heading\" data-id=\"02ac6a3\" data-element_type=\"widget\" data-e-type=\"widget\" data-widget_type=\"heading.default\">\n\t\t\t\t<div class=\"elementor-widget-container\">\n\t\t\t\t\t<h1 class=\"elementor-heading-title elementor-size-default\">Habitaciones<\/h1>\t\t\t\t<\/div>\n\t\t\t\t<\/div>\n\t\t\t\t<div class=\"elementor-element elementor-element-993c3b9 elementor-widget elementor-widget-heading\" data-id=\"993c3b9\" data-element_type=\"widget\" data-e-type=\"widget\" data-widget_type=\"heading.default\">\n\t\t\t\t<div class=\"elementor-widget-container\">\n\t\t\t\t\t<h2 class=\"elementor-heading-title elementor-size-default\">Dise\u00f1ado para el m\u00e1ximo confort y relajaci\u00f3n<\/h2>\t\t\t\t<\/div>\n\t\t\t\t<\/div>\n\t\t\t\t<div class=\"elementor-element elementor-element-f4ae36d elementor-widget elementor-widget-text-editor\" data-id=\"f4ae36d\" data-element_type=\"widget\" data-e-type=\"widget\" data-widget_type=\"text-editor.default\">\n\t\t\t\t<div class=\"elementor-widget-container\">\n\t\t\t\t\t\t\t\t\tEn Morales Guest House, cada habitaci\u00f3n est\u00e1 dise\u00f1ada para ofrecerle el m\u00e1ximo confort y tranquilidad durante su estancia en Huaraz. Con opciones que se adaptan a sus necesidades, puede elegir entre nuestras habitaciones est\u00e1ndar, con vistas al jard\u00edn o con vistas a las majestuosas monta\u00f1as de la Cordillera Blanca.\t\t\t\t\t\t\t\t<\/div>\n\t\t\t\t<\/div>\n\t\t\t\t\t<\/div>\n\t\t<\/div>\n\t\t\t\t\t<\/div>\n\t\t<\/section>\n\t\t\t\t<section class=\"elementor-section elementor-top-section elementor-element elementor-element-be22f9b elementor-section-boxed elementor-section-height-default elementor-section-height-default\" data-id=\"be22f9b\" data-element_type=\"section\" data-e-type=\"section\">\n\t\t\t\t\t\t<div class=\"elementor-container elementor-column-gap-wide\">\n\t\t\t\t\t<div class=\"elementor-column elementor-col-33 elementor-top-column elementor-element elementor-element-85bc0b5\" data-id=\"85bc0b5\" data-element_type=\"column\" data-e-type=\"column\">\n\t\t\t<div class=\"elementor-widget-wrap elementor-element-populated\">\n\t\t\t\t\t\t<div class=\"elementor-element elementor-element-e8a7b5a elementor-widget elementor-widget-image\" data-id=\"e8a7b5a\" data-element_type=\"widget\" data-e-type=\"widget\" data-widget_type=\"image.default\">\n\t\t\t\t<div class=\"elementor-widget-container\">\n\t\t\t\t\t\t\t\t\t\t\t\t\t\t\t\t<a href=\"https:\/\/moralesguesthouse.com\/rooms\/standard-rooms\/\">\n\t\t\t\t\t\t\t<img fetchpriority=\"high\" decoding=\"async\" width=\"800\" height=\"600\" src=\"https:\/\/www.moralesguesthouse.com\/wp-content\/uploads\/2024\/10\/Standard-Room-Simple-2-1024x768.webp\" class=\"attachment-large size-large wp-image-1619\" alt=\"\" srcset=\"https:\/\/www.moralesguesthouse.com\/wp-content\/uploads\/2024\/10\/Standard-Room-Simple-2-1024x768.webp 1024w, https:\/\/www.moralesguesthouse.com\/wp-content\/uploads\/2024\/10\/Standard-Room-Simple-2-300x225.webp 300w, https:\/\/www.moralesguesthouse.com\/wp-content\/uploads\/2024\/10\/Standard-Room-Simple-2-768x576.webp 768w, https:\/\/www.moralesguesthouse.com\/wp-content\/uploads\/2024\/10\/Standard-Room-Simple-2.webp 1080w\" sizes=\"(max-width: 800px) 100vw, 800px\" \/>\t\t\t\t\t\t\t\t<\/a>\n\t\t\t\t\t\t\t\t\t\t\t\t\t\t\t<\/div>\n\t\t\t\t<\/div>\n\t\t\t\t<div class=\"elementor-element elementor-element-86a383d elementor-widget elementor-widget-heading\" data-id=\"86a383d\" data-element_type=\"widget\" data-e-type=\"widget\" data-widget_type=\"heading.default\">\n\t\t\t\t<div class=\"elementor-widget-container\">\n\t\t\t\t\t<h2 class=\"elementor-heading-title elementor-size-default\">01<\/h2>\t\t\t\t<\/div>\n\t\t\t\t<\/div>\n\t\t\t\t<div class=\"elementor-element elementor-element-372934b elementor-widget elementor-widget-heading\" data-id=\"372934b\" data-element_type=\"widget\" data-e-type=\"widget\" data-widget_type=\"heading.default\">\n\t\t\t\t<div class=\"elementor-widget-container\">\n\t\t\t\t\t<h3 class=\"elementor-heading-title elementor-size-default\">Habitaciones Est\u00e1ndar<\/h3>\t\t\t\t<\/div>\n\t\t\t\t<\/div>\n\t\t\t\t<div class=\"elementor-element elementor-element-a3951c2 elementor-widget elementor-widget-text-editor\" data-id=\"a3951c2\" data-element_type=\"widget\" data-e-type=\"widget\" data-widget_type=\"text-editor.default\">\n\t\t\t\t<div class=\"elementor-widget-container\">\n\t\t\t\t\t\t\t\t\tDisfrute de un descanso reparador en nuestras habitaciones est\u00e1ndar, dise\u00f1adas para su comodidad. Equipadas con c\u00f3modas camas, ba\u00f1o privado y todas las comodidades necesarias para una estancia agradable.\t\t\t\t\t\t\t\t<\/div>\n\t\t\t\t<\/div>\n\t\t\t\t<div class=\"elementor-element elementor-element-043c7f2 elementor-widget elementor-widget-image\" data-id=\"043c7f2\" data-element_type=\"widget\" data-e-type=\"widget\" data-widget_type=\"image.default\">\n\t\t\t\t<div class=\"elementor-widget-container\">\n\t\t\t\t\t\t\t\t\t\t\t\t\t\t\t\t<a href=\"https:\/\/moralesguesthouse.com\/rooms\/standard-rooms\/\">\n\t\t\t\t\t\t\t<img decoding=\"async\" width=\"71\" height=\"40\" src=\"https:\/\/www.moralesguesthouse.com\/wp-content\/uploads\/2024\/03\/Group-2.png\" class=\"elementor-animation-skew-forward attachment-full size-full wp-image-21\" alt=\"\" \/>\t\t\t\t\t\t\t\t<\/a>\n\t\t\t\t\t\t\t\t\t\t\t\t\t\t\t<\/div>\n\t\t\t\t<\/div>\n\t\t\t\t\t<\/div>\n\t\t<\/div>\n\t\t\t\t<div class=\"elementor-column elementor-col-33 elementor-top-column elementor-element elementor-element-0cf4e55\" data-id=\"0cf4e55\" data-element_type=\"column\" data-e-type=\"column\">\n\t\t\t<div class=\"elementor-widget-wrap elementor-element-populated\">\n\t\t\t\t\t\t<div class=\"elementor-element elementor-element-6f228ec elementor-widget elementor-widget-image\" data-id=\"6f228ec\" data-element_type=\"widget\" data-e-type=\"widget\" data-widget_type=\"image.default\">\n\t\t\t\t<div class=\"elementor-widget-container\">\n\t\t\t\t\t\t\t\t\t\t\t\t\t\t\t\t<a href=\"https:\/\/moralesguesthouse.com\/rooms\/garden-view-rooms\/\">\n\t\t\t\t\t\t\t<img decoding=\"async\" width=\"800\" height=\"600\" src=\"https:\/\/www.moralesguesthouse.com\/wp-content\/uploads\/2024\/10\/Garden-View-Rooms-1024x768.webp\" class=\"attachment-large size-large wp-image-1700\" alt=\"\" srcset=\"https:\/\/www.moralesguesthouse.com\/wp-content\/uploads\/2024\/10\/Garden-View-Rooms-1024x768.webp 1024w, https:\/\/www.moralesguesthouse.com\/wp-content\/uploads\/2024\/10\/Garden-View-Rooms-300x225.webp 300w, https:\/\/www.moralesguesthouse.com\/wp-content\/uploads\/2024\/10\/Garden-View-Rooms-768x576.webp 768w, https:\/\/www.moralesguesthouse.com\/wp-content\/uploads\/2024\/10\/Garden-View-Rooms-1536x1152.webp 1536w, https:\/\/www.moralesguesthouse.com\/wp-content\/uploads\/2024\/10\/Garden-View-Rooms.webp 1920w\" sizes=\"(max-width: 800px) 100vw, 800px\" \/>\t\t\t\t\t\t\t\t<\/a>\n\t\t\t\t\t\t\t\t\t\t\t\t\t\t\t<\/div>\n\t\t\t\t<\/div>\n\t\t\t\t<div class=\"elementor-element elementor-element-262ad48 elementor-widget elementor-widget-heading\" data-id=\"262ad48\" data-element_type=\"widget\" data-e-type=\"widget\" data-widget_type=\"heading.default\">\n\t\t\t\t<div class=\"elementor-widget-container\">\n\t\t\t\t\t<h2 class=\"elementor-heading-title elementor-size-default\">02<\/h2>\t\t\t\t<\/div>\n\t\t\t\t<\/div>\n\t\t\t\t<div class=\"elementor-element elementor-element-48d1480 elementor-widget elementor-widget-heading\" data-id=\"48d1480\" data-element_type=\"widget\" data-e-type=\"widget\" data-widget_type=\"heading.default\">\n\t\t\t\t<div class=\"elementor-widget-container\">\n\t\t\t\t\t<h3 class=\"elementor-heading-title elementor-size-default\">Habitaciones con vistas al jard\u00edn<\/h3>\t\t\t\t<\/div>\n\t\t\t\t<\/div>\n\t\t\t\t<div class=\"elementor-element elementor-element-fc63032 elementor-widget elementor-widget-text-editor\" data-id=\"fc63032\" data-element_type=\"widget\" data-e-type=\"widget\" data-widget_type=\"text-editor.default\">\n\t\t\t\t<div class=\"elementor-widget-container\">\n\t\t\t\t\t\t\t\t\tSum\u00e9rjase en la serenidad de nuestros jardines desde la comodidad de su habitaci\u00f3n. Estas habitaciones cuentan con grandes ventanales que le permitir\u00e1n disfrutar de la belleza natural mientras se relaja.\t\t\t\t\t\t\t\t<\/div>\n\t\t\t\t<\/div>\n\t\t\t\t<div class=\"elementor-element elementor-element-309bbf0 elementor-widget elementor-widget-image\" data-id=\"309bbf0\" data-element_type=\"widget\" data-e-type=\"widget\" data-widget_type=\"image.default\">\n\t\t\t\t<div class=\"elementor-widget-container\">\n\t\t\t\t\t\t\t\t\t\t\t\t\t\t\t\t<a href=\"https:\/\/moralesguesthouse.com\/rooms\/garden-view-rooms\/\">\n\t\t\t\t\t\t\t<img decoding=\"async\" width=\"71\" height=\"40\" src=\"https:\/\/www.moralesguesthouse.com\/wp-content\/uploads\/2024\/03\/Group-2.png\" class=\"elementor-animation-skew-forward attachment-full size-full wp-image-21\" alt=\"\" \/>\t\t\t\t\t\t\t\t<\/a>\n\t\t\t\t\t\t\t\t\t\t\t\t\t\t\t<\/div>\n\t\t\t\t<\/div>\n\t\t\t\t\t<\/div>\n\t\t<\/div>\n\t\t\t\t<div class=\"elementor-column elementor-col-33 elementor-top-column elementor-element elementor-element-f2fd7c7\" data-id=\"f2fd7c7\" data-element_type=\"column\" data-e-type=\"column\">\n\t\t\t<div class=\"elementor-widget-wrap elementor-element-populated\">\n\t\t\t\t\t\t<div class=\"elementor-element elementor-element-7a421b7 elementor-widget elementor-widget-image\" data-id=\"7a421b7\" data-element_type=\"widget\" data-e-type=\"widget\" data-widget_type=\"image.default\">\n\t\t\t\t<div class=\"elementor-widget-container\">\n\t\t\t\t\t\t\t\t\t\t\t\t\t\t\t\t<a href=\"https:\/\/moralesguesthouse.com\/rooms\/mountain-view-rooms\/\">\n\t\t\t\t\t\t\t<img loading=\"lazy\" decoding=\"async\" width=\"800\" height=\"600\" src=\"https:\/\/www.moralesguesthouse.com\/wp-content\/uploads\/2024\/10\/Mountain-View-Rooms-1024x768.webp\" class=\"attachment-large size-large wp-image-1702\" alt=\"\" srcset=\"https:\/\/www.moralesguesthouse.com\/wp-content\/uploads\/2024\/10\/Mountain-View-Rooms-1024x768.webp 1024w, https:\/\/www.moralesguesthouse.com\/wp-content\/uploads\/2024\/10\/Mountain-View-Rooms-300x225.webp 300w, https:\/\/www.moralesguesthouse.com\/wp-content\/uploads\/2024\/10\/Mountain-View-Rooms-768x576.webp 768w, https:\/\/www.moralesguesthouse.com\/wp-content\/uploads\/2024\/10\/Mountain-View-Rooms.webp 1080w\" sizes=\"(max-width: 800px) 100vw, 800px\" \/>\t\t\t\t\t\t\t\t<\/a>\n\t\t\t\t\t\t\t\t\t\t\t\t\t\t\t<\/div>\n\t\t\t\t<\/div>\n\t\t\t\t<div class=\"elementor-element elementor-element-a4172c5 elementor-widget elementor-widget-heading\" data-id=\"a4172c5\" data-element_type=\"widget\" data-e-type=\"widget\" data-widget_type=\"heading.default\">\n\t\t\t\t<div class=\"elementor-widget-container\">\n\t\t\t\t\t<h2 class=\"elementor-heading-title elementor-size-default\">03<\/h2>\t\t\t\t<\/div>\n\t\t\t\t<\/div>\n\t\t\t\t<div class=\"elementor-element elementor-element-5778411 elementor-widget elementor-widget-heading\" data-id=\"5778411\" data-element_type=\"widget\" data-e-type=\"widget\" data-widget_type=\"heading.default\">\n\t\t\t\t<div class=\"elementor-widget-container\">\n\t\t\t\t\t<h3 class=\"elementor-heading-title elementor-size-default\">Habitaciones con vistas a la monta\u00f1a<\/h3>\t\t\t\t<\/div>\n\t\t\t\t<\/div>\n\t\t\t\t<div class=\"elementor-element elementor-element-ab5070b elementor-widget elementor-widget-text-editor\" data-id=\"ab5070b\" data-element_type=\"widget\" data-e-type=\"widget\" data-widget_type=\"text-editor.default\">\n\t\t\t\t<div class=\"elementor-widget-container\">\n\t\t\t\t\t\t\t\t\tDespi\u00e9rtese cada ma\u00f1ana con unas vistas espectaculares de las majestuosas monta\u00f1as de la Cordillera Blanca. Nuestras habitaciones con vistas a la monta\u00f1a son ideales para los amantes de la naturaleza que deseen contemplar la belleza del paisaje peruano.\t\t\t\t\t\t\t\t<\/div>\n\t\t\t\t<\/div>\n\t\t\t\t<div class=\"elementor-element elementor-element-13441bd elementor-widget elementor-widget-image\" data-id=\"13441bd\" data-element_type=\"widget\" data-e-type=\"widget\" data-widget_type=\"image.default\">\n\t\t\t\t<div class=\"elementor-widget-container\">\n\t\t\t\t\t\t\t\t\t\t\t\t\t\t\t\t<a href=\"https:\/\/moralesguesthouse.com\/rooms\/mountain-view-rooms\/\">\n\t\t\t\t\t\t\t<img decoding=\"async\" width=\"71\" height=\"40\" src=\"https:\/\/www.moralesguesthouse.com\/wp-content\/uploads\/2024\/03\/Group-2.png\" class=\"elementor-animation-skew-forward attachment-full size-full wp-image-21\" alt=\"\" \/>\t\t\t\t\t\t\t\t<\/a>\n\t\t\t\t\t\t\t\t\t\t\t\t\t\t\t<\/div>\n\t\t\t\t<\/div>\n\t\t\t\t\t<\/div>\n\t\t<\/div>\n\t\t\t\t\t<\/div>\n\t\t<\/section>\n\t\t\t\t<\/div>\n\t\t","protected":false},"excerpt":{"rendered":"<p>En Morales Guest House, cada habitaci\u00f3n est\u00e1 dise\u00f1ada para ofrecerle el m\u00e1ximo confort y tranquilidad durante su estancia en Huaraz. Con opciones que se adaptan a sus necesidades, puede elegir entre nuestras habitaciones est\u00e1ndar, con vistas al jard\u00edn o con vistas a las majestuosas monta\u00f1as de la Cordillera Blanca.<\/p>\n","protected":false},"author":1,"featured_media":0,"parent":0,"menu_order":0,"comment_status":"closed","ping_status":"closed","template":"elementor_header_footer","meta":{"footnotes":""},"class_list":["post-1888","page","type-page","status-publish","hentry"],"_links":{"self":[{"href":"https:\/\/www.moralesguesthouse.com\/es\/wp-json\/wp\/v2\/pages\/1888","targetHints":{"allow":["GET"]}}],"collection":[{"href":"https:\/\/www.moralesguesthouse.com\/es\/wp-json\/wp\/v2\/pages"}],"about":[{"href":"https:\/\/www.moralesguesthouse.com\/es\/wp-json\/wp\/v2\/types\/page"}],"author":[{"embeddable":true,"href":"https:\/\/www.moralesguesthouse.com\/es\/wp-json\/wp\/v2\/users\/1"}],"replies":[{"embeddable":true,"href":"https:\/\/www.moralesguesthouse.com\/es\/wp-json\/wp\/v2\/comments?post=1888"}],"version-history":[{"count":7,"href":"https:\/\/www.moralesguesthouse.com\/es\/wp-json\/wp\/v2\/pages\/1888\/revisions"}],"predecessor-version":[{"id":1895,"href":"https:\/\/www.moralesguesthouse.com\/es\/wp-json\/wp\/v2\/pages\/1888\/revisions\/1895"}],"wp:attachment":[{"href":"https:\/\/www.moralesguesthouse.com\/es\/wp-json\/wp\/v2\/media?parent=1888"}],"curies":[{"name":"wp","href":"https:\/\/api.w.org\/{rel}","templated":true}]}}